



{"id":22398,"date":"2019-11-06T17:00:54","date_gmt":"2019-11-06T16:00:54","guid":{"rendered":"https:\/\/opstinativat.me\/?page_id=22398"},"modified":"2020-12-07T20:32:48","modified_gmt":"2020-12-07T19:32:48","slug":"tivat","status":"publish","type":"page","link":"https:\/\/opstinativat.me\/en\/city-info\/tivat\/","title":{"rendered":"About Tivat"},"content":{"rendered":"<div align=\"justify\">\n<p style=\"text-align: justify;\">O porijeklu imena Tivat postoje tri razli\u010dita mi\u0161ljenja. Prema prvom, naziv Tivat izveden je od imena ilirske kraljice Teute koja je jedno vrijeme imala svoju prijestonicu u Risnu, a mo\u017eda i ljetnikovce u blizini dana\u0161njeg Tivta. Po drugom mi\u0161ljenju naziv bi mogao biti izveden od imena hri\u0161\u0107anskih svetaca kao \u0161to su Sanctus Theodorus, Theodosius, Theodotus, Theodulus ili srednjovjekovnog (XII v.) Theudo, Teodo. Tre\u0107e mi\u0161ljenje iznijeto je vrlo kratko i bez ve\u0107ih obrazlo\u017eenja. Po tom mi\u0161ljenju naziv poti\u010de od keltske rije\u010di &#8220;touto&#8221; \u0161to zna\u010di grad.<\/p>\n<\/div>\n<div style=\"text-align: justify;\" align=\"justify\">Tivat se nalazi u centralnom dijelu Bokokotorskog zaliva, na jugozapadnim\u00a0padinama brda\u00a0Vrmac (765m). Nasuprot se prote\u017ee tivatski zaliv koji ujedno predstavlja i najve\u0107i od \u010detiri zaliva u Boki Kotorskoj. Tivatski zaliv\u00a0s Krtoljskim arhipaelagom osvaja svakog posjetioca.<\/div>\n<div style=\"text-align: justify;\" align=\"justify\"><\/div>\n<div style=\"text-align: justify;\" align=\"justify\">Tivat zahvata povr\u0161inu od 46 km<sup>2<\/sup>, od kojih oko 5 km<sup>2<\/sup>\u00a0izlazi na otvoreno more. Prema popisu iz 2011. godine Tivat broji oko 14 000 stanovnika. Nalazi se na 42\u00b026\u00b4 sjeverne geografske \u0161irine i 18\u00ba42\u00b4 isto\u010dne geografske du\u017eine.<\/div>\n<div style=\"text-align: justify;\" align=\"justify\"><\/div>\n<div style=\"text-align: justify;\" align=\"justify\">Du\u017e obale Tivta ni\u017eu se male atraktivne lu\u010dice, uvale i brojne pla\u017ee. Du\u017eina obale\u00a0od Veriga do Kra\u0161i\u0107a\u00a0iznosi oko 30 000 m<sup>2<\/sup>.<\/div>\n<div style=\"text-align: justify;\" align=\"justify\">Tivat se kao grad po\u010deo razvijati tek krajem XIX v. kad je osnovana vojno pomorska luka Arsenal. Do izgradnje Arsenala zemlji\u0161ni posjedi u Tivtu su uglavnom bili u rukama feudalne vlastele Pr\u010dnja, Perasta, Dobrote i Kotora.<\/div>\n<div style=\"text-align: justify;\" align=\"justify\">Danas je Tivat moderan grad orijentisan na razvoj turizma.<\/div>\n<div style=\"text-align: justify;\" align=\"justify\"><\/div>\n<div style=\"text-align: justify;\" align=\"justify\">Svojim polo\u017eajem u Bokokotorskom zalivu, uvalama, sa poluostrvom Prevlaka i ostrvom Sveti Marko, poznatom pla\u017eom Pr\u017ena, marinom Porto Montonegro, Tivat je upisan u turisti\u010dke karte kao atraktivna turisti\u010dka destinacija.<\/div>\n<div style=\"text-align: justify;\" align=\"justify\"><\/div>\n<div style=\"text-align: justify;\" align=\"justify\">Tivat ima tipi\u010dno mediteransku klimu, sa blagim ali ki\u0161ovitim zimama i vedrim i toplim ljetima. Za Tivat se mo\u017ee re\u0107i da ima karakteristi\u010dnu klimu, \u0161to prouzrokuje reljefna nehomogenost, te se na ovako malom prostoru osje\u0107aju lokalne klimatske razlike. Srednja godi\u0161nja temperatura vazduha je 15\u00b0 C. Ovo je najsun\u010daniji grad Boke Kotorske sa 2446,2 sun\u010danih sati u toku godine. Naj\u010de\u0161\u0107i vjetrovi su bura (sjeveroisto\u010dni vjetar) u zimskom periodu, i maestral (sjeverozapadni vjetar) u ljetnim mjesecima. Jugo, topao vjetar koji donosi dosta ki\u0161e, je \u010dest u jesenjem i zimskom periodu.<\/div>\n<div style=\"text-align: justify;\" align=\"justify\"><\/div>\n<div style=\"text-align: justify;\" align=\"justify\">Padavine su u Tivtu isklju\u010divo u vidu ki\u0161e, dok su ostali oblici padavina ovdje veoma rijetka pojava. Srednja godi\u0161nja koli\u010dina padavina iznosi 1.755 mm. Padavine su najkarakteristi\u010dnije za hladno doba godine. Ovakvi klimatski uslovi su omogu\u0107ili da Tivat bude pogodan kako za ljetnji\u00a0 tako i za zimski turizam.<\/div>\n<div style=\"text-align: justify;\" align=\"justify\"><\/div>\n<div style=\"text-align: justify;\" align=\"justify\">Na Tivatskoj rivijeri more je \u010disto a vazduh okrepljuju\u0107e blag. Zahvaljuju\u0107i povoljnim klimatskim uslovima i dobrom geografskom polo\u017eaju, Tivat je bogat hortikulturnim potencijalom. Pored raznovrsnog doma\u0107eg mediteranskog bilja, tu je zastupljeno i dosta vrsta egzoti\u010dnog bilja kojeg su moreplovci donosili sa svih meridijana svijeta. Razli\u010dite vrste, kao \u0161to su magnolija, mimoza, kamelija, oleander, agava, bugenvilija, eukaliptus, \u010dileanska jela\u00a0i druge, su se ovdje, ba\u0161 zbog povoljne klime dobro aklimatizovale.<\/div>\n","protected":false},"excerpt":{"rendered":"<p>O porijeklu imena Tivat postoje tri razli\u010dita mi\u0161ljenja. Prema prvom, naziv Tivat izveden je od imena ilirske kraljice Teute koja je jedno vrijeme imala svoju prijestonicu u Risnu, a mo\u017eda i ljetnikovce u blizini dana\u0161njeg Tivta. Po drugom mi\u0161ljenju naziv bi mogao biti izveden od imena hri\u0161\u0107anskih svetaca kao \u0161to su Sanctus Theodorus, Theodosius, Theodotus, [&hellip;]<\/p>\n","protected":false},"author":1,"featured_media":0,"parent":52,"menu_order":0,"comment_status":"closed","ping_status":"closed","template":"template-otv-page.php","meta":[],"tags":[],"acf":[],"yoast_head":"<!-- This site is optimized with the Yoast SEO plugin v20.11 - https:\/\/yoast.com\/wordpress\/plugins\/seo\/ -->\n<title>About Tivat - Municipality Tivat<\/title>\n<meta name=\"robots\" content=\"index, follow, max-snippet:-1, max-image-preview:large, max-video-preview:-1\" \/>\n<meta property=\"og:locale\" content=\"en_US\" \/>\n<meta property=\"og:type\" content=\"article\" \/>\n<meta property=\"og:title\" content=\"About Tivat - Municipality Tivat\" \/>\n<meta property=\"og:description\" content=\"O porijeklu imena Tivat postoje tri razli\u010dita mi\u0161ljenja. Prema prvom, naziv Tivat izveden je od imena ilirske kraljice Teute koja je jedno vrijeme imala svoju prijestonicu u Risnu, a mo\u017eda i ljetnikovce u blizini dana\u0161njeg Tivta. Po drugom mi\u0161ljenju naziv bi mogao biti izveden od imena hri\u0161\u0107anskih svetaca kao \u0161to su Sanctus Theodorus, Theodosius, Theodotus, [&hellip;]\" \/>\n<meta property=\"og:url\" content=\"https:\/\/opstinativat.me\/en\/city-info\/tivat\/\" \/>\n<meta property=\"og:site_name\" content=\"Municipality Tivat\" \/>\n<meta property=\"article:modified_time\" content=\"2020-12-07T19:32:48+00:00\" \/>\n<meta name=\"twitter:card\" content=\"summary_large_image\" \/>\n<meta name=\"twitter:label1\" content=\"Est. reading time\" \/>\n\t<meta name=\"twitter:data1\" content=\"3 minutes\" \/>\n<script type=\"application\/ld+json\" class=\"yoast-schema-graph\">{\"@context\":\"https:\/\/schema.org\",\"@graph\":[{\"@type\":\"WebPage\",\"@id\":\"https:\/\/opstinativat.me\/en\/city-info\/tivat\/\",\"url\":\"https:\/\/opstinativat.me\/en\/city-info\/tivat\/\",\"name\":\"About Tivat - Municipality Tivat\",\"isPartOf\":{\"@id\":\"https:\/\/opstinativat.me\/#website\"},\"datePublished\":\"2019-11-06T16:00:54+00:00\",\"dateModified\":\"2020-12-07T19:32:48+00:00\",\"breadcrumb\":{\"@id\":\"https:\/\/opstinativat.me\/en\/city-info\/tivat\/#breadcrumb\"},\"inLanguage\":\"en-US\",\"potentialAction\":[{\"@type\":\"ReadAction\",\"target\":[\"https:\/\/opstinativat.me\/en\/city-info\/tivat\/\"]}]},{\"@type\":\"BreadcrumbList\",\"@id\":\"https:\/\/opstinativat.me\/en\/city-info\/tivat\/#breadcrumb\",\"itemListElement\":[{\"@type\":\"ListItem\",\"position\":1,\"name\":\"Home\",\"item\":\"https:\/\/opstinativat.me\/en\/\"},{\"@type\":\"ListItem\",\"position\":2,\"name\":\"City info\",\"item\":\"https:\/\/opstinativat.me\/en\/city-info\/\"},{\"@type\":\"ListItem\",\"position\":3,\"name\":\"About Tivat\"}]},{\"@type\":\"WebSite\",\"@id\":\"https:\/\/opstinativat.me\/#website\",\"url\":\"https:\/\/opstinativat.me\/\",\"name\":\"Municipality Tivat\",\"description\":\"Official website of Tivat Municipality\",\"inLanguage\":\"en-US\"}]}<\/script>\n<!-- \/ Yoast SEO plugin. -->","yoast_head_json":{"title":"About Tivat - Municipality Tivat","robots":{"index":"index","follow":"follow","max-snippet":"max-snippet:-1","max-image-preview":"max-image-preview:large","max-video-preview":"max-video-preview:-1"},"og_locale":"en_US","og_type":"article","og_title":"About Tivat - Municipality Tivat","og_description":"O porijeklu imena Tivat postoje tri razli\u010dita mi\u0161ljenja. Prema prvom, naziv Tivat izveden je od imena ilirske kraljice Teute koja je jedno vrijeme imala svoju prijestonicu u Risnu, a mo\u017eda i ljetnikovce u blizini dana\u0161njeg Tivta. Po drugom mi\u0161ljenju naziv bi mogao biti izveden od imena hri\u0161\u0107anskih svetaca kao \u0161to su Sanctus Theodorus, Theodosius, Theodotus, [&hellip;]","og_url":"https:\/\/opstinativat.me\/en\/city-info\/tivat\/","og_site_name":"Municipality Tivat","article_modified_time":"2020-12-07T19:32:48+00:00","twitter_card":"summary_large_image","twitter_misc":{"Est. reading time":"3 minutes"},"schema":{"@context":"https:\/\/schema.org","@graph":[{"@type":"WebPage","@id":"https:\/\/opstinativat.me\/en\/city-info\/tivat\/","url":"https:\/\/opstinativat.me\/en\/city-info\/tivat\/","name":"About Tivat - Municipality Tivat","isPartOf":{"@id":"https:\/\/opstinativat.me\/#website"},"datePublished":"2019-11-06T16:00:54+00:00","dateModified":"2020-12-07T19:32:48+00:00","breadcrumb":{"@id":"https:\/\/opstinativat.me\/en\/city-info\/tivat\/#breadcrumb"},"inLanguage":"en-US","potentialAction":[{"@type":"ReadAction","target":["https:\/\/opstinativat.me\/en\/city-info\/tivat\/"]}]},{"@type":"BreadcrumbList","@id":"https:\/\/opstinativat.me\/en\/city-info\/tivat\/#breadcrumb","itemListElement":[{"@type":"ListItem","position":1,"name":"Home","item":"https:\/\/opstinativat.me\/en\/"},{"@type":"ListItem","position":2,"name":"City info","item":"https:\/\/opstinativat.me\/en\/city-info\/"},{"@type":"ListItem","position":3,"name":"About Tivat"}]},{"@type":"WebSite","@id":"https:\/\/opstinativat.me\/#website","url":"https:\/\/opstinativat.me\/","name":"Municipality Tivat","description":"Official website of Tivat Municipality","inLanguage":"en-US"}]}},"_links":{"self":[{"href":"https:\/\/opstinativat.me\/en\/wp-json\/wp\/v2\/pages\/22398"}],"collection":[{"href":"https:\/\/opstinativat.me\/en\/wp-json\/wp\/v2\/pages"}],"about":[{"href":"https:\/\/opstinativat.me\/en\/wp-json\/wp\/v2\/types\/page"}],"author":[{"embeddable":true,"href":"https:\/\/opstinativat.me\/en\/wp-json\/wp\/v2\/users\/1"}],"replies":[{"embeddable":true,"href":"https:\/\/opstinativat.me\/en\/wp-json\/wp\/v2\/comments?post=22398"}],"version-history":[{"count":0,"href":"https:\/\/opstinativat.me\/en\/wp-json\/wp\/v2\/pages\/22398\/revisions"}],"up":[{"embeddable":true,"href":"https:\/\/opstinativat.me\/en\/wp-json\/wp\/v2\/pages\/52"}],"wp:attachment":[{"href":"https:\/\/opstinativat.me\/en\/wp-json\/wp\/v2\/media?parent=22398"}],"wp:term":[{"taxonomy":"post_tag","embeddable":true,"href":"https:\/\/opstinativat.me\/en\/wp-json\/wp\/v2\/tags?post=22398"}],"curies":[{"name":"wp","href":"https:\/\/api.w.org\/{rel}","templated":true}]}}