



{"id":22840,"date":"2019-10-26T06:16:02","date_gmt":"2019-10-26T10:16:02","guid":{"rendered":"https:\/\/opstinativat.me\/eticka-komisija\/"},"modified":"2020-01-21T09:15:08","modified_gmt":"2020-01-21T08:15:08","slug":"eticka-komisija","status":"publish","type":"page","link":"https:\/\/opstinativat.me\/en\/eticka-komisija\/","title":{"rendered":"Ethics Committee"},"content":{"rendered":"<div>Dana 03.02.2012. godine odr\u017eana je prva sjednica Eti\u010dke komisije za lokalne slu\u017ebenike i namje\u0161tenike u Op\u0161tini Tivat, \u010dime je i prakti\u010dno po\u010dela saradom. Peto\u010dlana Komisija izabrana je na 19. sjednici Skup\u0161tine op\u0161tine Tivat, koja je odr\u017eana 29.12.2011. godine. Obrazovanjem Komisije stvorene su osnovne pretpostavke za vr\u0161enje nadzora nad po\u0161tovanjem odredbi Eti\u010dkog kodeksa loklanih slu\u017ebenika i namje\u0161tenika koji za krajnji cilj ima doprinos izgradnji povjerenja gra\u0111ana u lokalnu vlast i javne ustanove (slu\u017ebe, preduze\u0107a, organizacije).<\/div>\n<div>Na prvoj sjednici usvojen je Poslovnik o radu, a za predsjednika Komisije iz reda \u010dlanova izabran je Goran Bo\u017eovi\u0107.<\/div>\n<div>Na internet prezentaciji Op\u0161tine Tivat (www.opstinativat.com), uskoro \u0107e se na\u0107i sve neophodne informacije o Eti\u010dkoj komisiji za lokalne slu\u017ebenike i namje\u0161tenike kao \u0161to su njen sastav, na\u010din rada, prava i nadle\u017enosti, i druga pitanja od zna\u010daja za rad Komisije.\u00a0Komisija \u0107e blagovremeno obavje\u0161tavati javnost o svom radu.<\/div>\n<div><\/div>\n<h3>Kontakt<\/h3>\n<div><strong>Adresa:\u00a0<\/strong><\/div>\n<div>Op\u0161tina Tivat<\/div>\n<div>Trg magnolija br. 1<\/div>\n<div>85320\u00a0\u00a0 Tivat<\/div>\n<div>Crna Gora<\/div>\n<div><\/div>\n<div><\/div>\n<div><strong>Telefon:<\/strong>\u00a0+ 382 (0)32 661 300 \u00a0 &#8211; svakog radnog dana od 8:00 do 15:00<\/div>\n<div><strong>Fax: <\/strong>\u00a0\u00a0\u00a0\u00a0\u00a0\u00a0\u00a0+ 382 (0)32 671 387\u00a0\u00a0 &#8211; svakog radnog dana od 8:00 do 15:00<\/div>\n<div><\/div>\n<div><strong>E-mail:\u00a0 \u00a0<\/strong><span id=\"cloak71246\"><\/span><a href=\"mailto:etickakomisija@opstinativat.com\">etickakomisija@opstinativat.com<\/a><\/div>\n","protected":false},"excerpt":{"rendered":"<p>Dana 03.02.2012. godine odr\u017eana je prva sjednica Eti\u010dke komisije za lokalne slu\u017ebenike i namje\u0161tenike u Op\u0161tini Tivat, \u010dime je i prakti\u010dno po\u010dela saradom. Peto\u010dlana Komisija izabrana je na 19. sjednici Skup\u0161tine op\u0161tine Tivat, koja je odr\u017eana 29.12.2011. godine. Obrazovanjem Komisije stvorene su osnovne pretpostavke za vr\u0161enje nadzora nad po\u0161tovanjem odredbi Eti\u010dkog kodeksa loklanih slu\u017ebenika i [&hellip;]<\/p>\n","protected":false},"author":1,"featured_media":0,"parent":0,"menu_order":0,"comment_status":"closed","ping_status":"closed","template":"","meta":[],"tags":[],"acf":[],"yoast_head":"<!-- This site is optimized with the Yoast SEO plugin v20.11 - https:\/\/yoast.com\/wordpress\/plugins\/seo\/ -->\n<title>Ethics Committee - Municipality Tivat<\/title>\n<meta name=\"robots\" content=\"index, follow, max-snippet:-1, max-image-preview:large, max-video-preview:-1\" \/>\n<meta property=\"og:locale\" content=\"en_US\" \/>\n<meta property=\"og:type\" content=\"article\" \/>\n<meta property=\"og:title\" content=\"Ethics Committee - Municipality Tivat\" \/>\n<meta property=\"og:description\" content=\"Dana 03.02.2012. godine odr\u017eana je prva sjednica Eti\u010dke komisije za lokalne slu\u017ebenike i namje\u0161tenike u Op\u0161tini Tivat, \u010dime je i prakti\u010dno po\u010dela saradom. Peto\u010dlana Komisija izabrana je na 19. sjednici Skup\u0161tine op\u0161tine Tivat, koja je odr\u017eana 29.12.2011. godine. Obrazovanjem Komisije stvorene su osnovne pretpostavke za vr\u0161enje nadzora nad po\u0161tovanjem odredbi Eti\u010dkog kodeksa loklanih slu\u017ebenika i [&hellip;]\" \/>\n<meta property=\"og:url\" content=\"https:\/\/opstinativat.me\/en\/eticka-komisija\/\" \/>\n<meta property=\"og:site_name\" content=\"Municipality Tivat\" \/>\n<meta property=\"article:modified_time\" content=\"2020-01-21T08:15:08+00:00\" \/>\n<meta name=\"twitter:card\" content=\"summary_large_image\" \/>\n<meta name=\"twitter:label1\" content=\"Est. reading time\" \/>\n\t<meta name=\"twitter:data1\" content=\"1 minute\" \/>\n<script type=\"application\/ld+json\" class=\"yoast-schema-graph\">{\"@context\":\"https:\/\/schema.org\",\"@graph\":[{\"@type\":\"WebPage\",\"@id\":\"https:\/\/opstinativat.me\/en\/eticka-komisija\/\",\"url\":\"https:\/\/opstinativat.me\/en\/eticka-komisija\/\",\"name\":\"Ethics Committee - Municipality Tivat\",\"isPartOf\":{\"@id\":\"https:\/\/opstinativat.me\/#website\"},\"datePublished\":\"2019-10-26T10:16:02+00:00\",\"dateModified\":\"2020-01-21T08:15:08+00:00\",\"breadcrumb\":{\"@id\":\"https:\/\/opstinativat.me\/en\/eticka-komisija\/#breadcrumb\"},\"inLanguage\":\"en-US\",\"potentialAction\":[{\"@type\":\"ReadAction\",\"target\":[\"https:\/\/opstinativat.me\/en\/eticka-komisija\/\"]}]},{\"@type\":\"BreadcrumbList\",\"@id\":\"https:\/\/opstinativat.me\/en\/eticka-komisija\/#breadcrumb\",\"itemListElement\":[{\"@type\":\"ListItem\",\"position\":1,\"name\":\"Home\",\"item\":\"https:\/\/opstinativat.me\/en\/\"},{\"@type\":\"ListItem\",\"position\":2,\"name\":\"Ethics Committee\"}]},{\"@type\":\"WebSite\",\"@id\":\"https:\/\/opstinativat.me\/#website\",\"url\":\"https:\/\/opstinativat.me\/\",\"name\":\"Municipality Tivat\",\"description\":\"Official website of Tivat Municipality\",\"inLanguage\":\"en-US\"}]}<\/script>\n<!-- \/ Yoast SEO plugin. -->","yoast_head_json":{"title":"Ethics Committee - Municipality Tivat","robots":{"index":"index","follow":"follow","max-snippet":"max-snippet:-1","max-image-preview":"max-image-preview:large","max-video-preview":"max-video-preview:-1"},"og_locale":"en_US","og_type":"article","og_title":"Ethics Committee - Municipality Tivat","og_description":"Dana 03.02.2012. godine odr\u017eana je prva sjednica Eti\u010dke komisije za lokalne slu\u017ebenike i namje\u0161tenike u Op\u0161tini Tivat, \u010dime je i prakti\u010dno po\u010dela saradom. Peto\u010dlana Komisija izabrana je na 19. sjednici Skup\u0161tine op\u0161tine Tivat, koja je odr\u017eana 29.12.2011. godine. Obrazovanjem Komisije stvorene su osnovne pretpostavke za vr\u0161enje nadzora nad po\u0161tovanjem odredbi Eti\u010dkog kodeksa loklanih slu\u017ebenika i [&hellip;]","og_url":"https:\/\/opstinativat.me\/en\/eticka-komisija\/","og_site_name":"Municipality Tivat","article_modified_time":"2020-01-21T08:15:08+00:00","twitter_card":"summary_large_image","twitter_misc":{"Est. reading time":"1 minute"},"schema":{"@context":"https:\/\/schema.org","@graph":[{"@type":"WebPage","@id":"https:\/\/opstinativat.me\/en\/eticka-komisija\/","url":"https:\/\/opstinativat.me\/en\/eticka-komisija\/","name":"Ethics Committee - Municipality Tivat","isPartOf":{"@id":"https:\/\/opstinativat.me\/#website"},"datePublished":"2019-10-26T10:16:02+00:00","dateModified":"2020-01-21T08:15:08+00:00","breadcrumb":{"@id":"https:\/\/opstinativat.me\/en\/eticka-komisija\/#breadcrumb"},"inLanguage":"en-US","potentialAction":[{"@type":"ReadAction","target":["https:\/\/opstinativat.me\/en\/eticka-komisija\/"]}]},{"@type":"BreadcrumbList","@id":"https:\/\/opstinativat.me\/en\/eticka-komisija\/#breadcrumb","itemListElement":[{"@type":"ListItem","position":1,"name":"Home","item":"https:\/\/opstinativat.me\/en\/"},{"@type":"ListItem","position":2,"name":"Ethics Committee"}]},{"@type":"WebSite","@id":"https:\/\/opstinativat.me\/#website","url":"https:\/\/opstinativat.me\/","name":"Municipality Tivat","description":"Official website of Tivat Municipality","inLanguage":"en-US"}]}},"_links":{"self":[{"href":"https:\/\/opstinativat.me\/en\/wp-json\/wp\/v2\/pages\/22840"}],"collection":[{"href":"https:\/\/opstinativat.me\/en\/wp-json\/wp\/v2\/pages"}],"about":[{"href":"https:\/\/opstinativat.me\/en\/wp-json\/wp\/v2\/types\/page"}],"author":[{"embeddable":true,"href":"https:\/\/opstinativat.me\/en\/wp-json\/wp\/v2\/users\/1"}],"replies":[{"embeddable":true,"href":"https:\/\/opstinativat.me\/en\/wp-json\/wp\/v2\/comments?post=22840"}],"version-history":[{"count":0,"href":"https:\/\/opstinativat.me\/en\/wp-json\/wp\/v2\/pages\/22840\/revisions"}],"wp:attachment":[{"href":"https:\/\/opstinativat.me\/en\/wp-json\/wp\/v2\/media?parent=22840"}],"wp:term":[{"taxonomy":"post_tag","embeddable":true,"href":"https:\/\/opstinativat.me\/en\/wp-json\/wp\/v2\/tags?post=22840"}],"curies":[{"name":"wp","href":"https:\/\/api.w.org\/{rel}","templated":true}]}}