



{"id":29436,"date":"2020-07-29T01:10:48","date_gmt":"2020-07-28T23:10:48","guid":{"rendered":"https:\/\/opstinativat.me\/?page_id=29436"},"modified":"2020-09-09T08:14:10","modified_gmt":"2020-09-09T06:14:10","slug":"turizam","status":"publish","type":"page","link":"https:\/\/opstinativat.me\/en\/city-info\/turizam\/","title":{"rendered":"Tourism"},"content":{"rendered":"<p style=\"text-align: justify;\"><span style=\"font-size: 14pt;\">Turizam, kao specifi\u010dan socioekonomski fenomen, predstavlja svojevrsno pro\u017eimanje materijalnog i duhovnog, posebnu komponentu i zna\u010dajan faktor razvoja savremene civilizacije. Ovaj sociolo\u0161ki, ekonomski, politi\u010dki, kulturolo\u0161ki, ekolo\u0161ki, ali i psiholo\u0161ki fenomen \u010dini sponu izme\u0111u dr\u017eavnog, javno &#8211; dru\u0161tvenog i privatnog sektora, otklanjaju\u0107i konflikte i barijere, vo\u0111en saznanjem da je dobra i planirana saradnja preduslov razvoja turizma na nekom prostoru. Mo\u017ee se re\u0107i da turizam bri\u0161e administrativne granice, ubrzava ubla\u017eavanje i prilagodjavanje carinskih sistema slobodnom protoku ljudi, roba i informacija, kako na globalnom tako na regionalnom i lokalnom nivou. Turisti\u010dka kretanja doprinose \u0161irenju, spajanju i pro\u017eimanju ljudi razli\u010ditih rasa, kultura, dru\u0161tvenih klasa, religija, pravnih sistema i dru\u0161tvenih normi, doprinose\u0107i pove\u0107anju svijesti, podizanju kulture ljudi, tolerancije, razumijevanja, te ve\u0107em uva\u017eavanju i po\u0161tovanju razli\u010ditosti me\u0111u ljudima.<\/span><\/p>\n<p style=\"text-align: justify;\">Turizam je u direktnoj vezi sa prostorom, on se u njemu odvija i razvija, ekslpoati\u0161e ga i transformi\u0161e, ali, istovremeno, on nastoji i da ga o\u010duva, da unaprijedi \u00a0i za\u0161titi prirodnu sredinu. Prepoznaju\u0107i izuzetan zna\u010daj ove djelatnosti koja se pro\u017eima kroz sve pore privrede i dru\u0161tva, od lokalnog do globalnog nivoa, Crna Gora tretira turizam kao prioritetnu strate\u0161kiu granu ekonomskog razvoja. Na crnogorskoj turisti\u010dkoj mapi Tivat zauzima posebno mjesto zahvaljuju\u0107i prvenstveno izvanrednom geografskom polo\u017eaju, prirodnoj ljepoti, spomenicima velike kulturne i istorijske vrijednosti, ali svakako i zahvaljuju\u0107i razvoju elitnog turizma, ulaganjima stranog kapitala u infrastrukturu, ulasku svjetskih brendova, te intenzivnim promotivnim kampanjama\u00a0 na inostranim tr\u017ei\u0161tima. Zahvaljuju\u0107i svojoj poziciji u centralnom dijelu Bokokotorskog zaliva Tivat jeste najsun\u010daniji grad ovog, po svom istorijskom zna\u010daju i kulturnom naslje\u0111u, jedinstvenog zaliva na Mediteranu. Geografsko-klimatski uslovi i ljepote prirode svrstavaju Tivat u veoma privla\u010dna turisti\u010dka mjesta.\u00a0 Tivat u prosjeku ima 115 dana u godini sa temperaturom ve\u0107om od 300\u00a0C, 240 sun\u010danih dana u godini, ljetnju temperaturau koja u prosjeku iznosi 270\u00a0C i\u00a0 sezonu kupanja koja traje i do 180 dana. \u00a0Klimatski uslovi koji karakteri\u0161u oblast u kojoj se nalazi Tivat, omogu\u0107avaju idealne uslove za uspje\u0161an rast mnogih egzoti\u010dnih biljaka koje uspijevaju u nadaleko poznatom tivatskom zelenom parku, gdje se i danas gaje primjerci bilja, koje su moreplovci donosili sa svih meridijana svijeta. Ono \u0161to jednu turisti\u010dku destinaciju, pored njenih prirodnih potencijala, \u010dini privla\u010dnom jesu svakako i kulturno \u2013 istorijski somenici, a kojima se i tivatska op\u0161tina mo\u017ee pohvaliti. Na teritoriji op\u0161tine Tivat status kulturnog dobra ima dvadeset \u0161est nepokretnih i devet pokretnih kulturnih dobara. Brojne crkve, manastiri, spomenici, spomen \u2013 plo\u010de i zbirke posebna su vrijednost koja privla\u010di poklonike kulturnog turizma. Tivat je danas spoj starog i modernog, renesansne i savremene arhitekture, raj za one koji tra\u017ee mir i oni koje \u017eele zabavu i u\u017eivanje na pla\u017eama i ostrvima, \u0161etnje po stazama Vrmca i Lu\u0161tice, ili kroz prirodni rezervat Solila. To je grad koji ima najve\u0107u marinu za superjahte na Mediteranu, koja je odigrala neprocjenjivo zna\u010dajnu ulogu prilikom transformacije grada u elitnu destinaciju za me\u0111unarodni turizam. Tivatska op\u0161tina \u00a0postala je tako doma\u0107in\u00a0 nekih od najzna\u010dajnijih svjetskih nauti\u010dkih doga\u0111aja\u00a0i jedna od najistaknutijih destinacija na Jadranu, koja zadovoljava potrebe turista iz cijelog svijeta. U prilog tome govori i izgradnja naselja Lu\u0161tica Bay koja predstavlja ne samo najve\u0107i investicioni projekat, ve\u0107 i zna\u010dajan \u010dinilac razvoja turisti\u010dke ponude Tivta i Crne Gore, a tako\u0111e je i globalni promoter Tivta kao respektabilne investicione i turisti\u010dke destinacije. Ono \u0161to Tivat izdvaja od ostalih crnogorskih destinacija jeste\u00a0postojanje me\u0111unarodnog aerodroma, \u0161to ga \u010dini lako pristupa\u010dnim za turiste. Danas je Tivat privla\u010dna destinacija koju turisti posje\u0107uju tokom cijele godine,\u00a0kako za one koji dolaze vazdu\u0161nom linijom, kopnom ili plove morima.<\/p>\n","protected":false},"excerpt":{"rendered":"<p>Turizam, kao specifi\u010dan socioekonomski fenomen, predstavlja svojevrsno pro\u017eimanje materijalnog i duhovnog, posebnu komponentu i zna\u010dajan faktor razvoja savremene civilizacije. Ovaj sociolo\u0161ki, ekonomski, politi\u010dki, kulturolo\u0161ki, ekolo\u0161ki, ali i psiholo\u0161ki fenomen \u010dini sponu izme\u0111u dr\u017eavnog, javno &#8211; dru\u0161tvenog i privatnog sektora, otklanjaju\u0107i konflikte i barijere, vo\u0111en saznanjem da je dobra i planirana saradnja preduslov razvoja turizma na [&hellip;]<\/p>\n","protected":false},"author":1,"featured_media":0,"parent":52,"menu_order":0,"comment_status":"closed","ping_status":"closed","template":"template-page3.php","meta":[],"tags":[],"acf":[],"yoast_head":"<!-- This site is optimized with the Yoast SEO plugin v20.11 - https:\/\/yoast.com\/wordpress\/plugins\/seo\/ -->\n<title>Tourism - Municipality Tivat<\/title>\n<meta name=\"robots\" content=\"index, follow, max-snippet:-1, max-image-preview:large, max-video-preview:-1\" \/>\n<meta property=\"og:locale\" content=\"en_US\" \/>\n<meta property=\"og:type\" content=\"article\" \/>\n<meta property=\"og:title\" content=\"Tourism - Municipality Tivat\" \/>\n<meta property=\"og:description\" content=\"Turizam, kao specifi\u010dan socioekonomski fenomen, predstavlja svojevrsno pro\u017eimanje materijalnog i duhovnog, posebnu komponentu i zna\u010dajan faktor razvoja savremene civilizacije. Ovaj sociolo\u0161ki, ekonomski, politi\u010dki, kulturolo\u0161ki, ekolo\u0161ki, ali i psiholo\u0161ki fenomen \u010dini sponu izme\u0111u dr\u017eavnog, javno &#8211; dru\u0161tvenog i privatnog sektora, otklanjaju\u0107i konflikte i barijere, vo\u0111en saznanjem da je dobra i planirana saradnja preduslov razvoja turizma na [&hellip;]\" \/>\n<meta property=\"og:url\" content=\"https:\/\/opstinativat.me\/en\/city-info\/turizam\/\" \/>\n<meta property=\"og:site_name\" content=\"Municipality Tivat\" \/>\n<meta property=\"article:modified_time\" content=\"2020-09-09T06:14:10+00:00\" \/>\n<meta name=\"twitter:card\" content=\"summary_large_image\" \/>\n<meta name=\"twitter:label1\" content=\"Est. reading time\" \/>\n\t<meta name=\"twitter:data1\" content=\"3 minutes\" \/>\n<script type=\"application\/ld+json\" class=\"yoast-schema-graph\">{\"@context\":\"https:\/\/schema.org\",\"@graph\":[{\"@type\":\"WebPage\",\"@id\":\"https:\/\/opstinativat.me\/en\/city-info\/turizam\/\",\"url\":\"https:\/\/opstinativat.me\/en\/city-info\/turizam\/\",\"name\":\"Tourism - Municipality Tivat\",\"isPartOf\":{\"@id\":\"https:\/\/opstinativat.me\/#website\"},\"datePublished\":\"2020-07-28T23:10:48+00:00\",\"dateModified\":\"2020-09-09T06:14:10+00:00\",\"breadcrumb\":{\"@id\":\"https:\/\/opstinativat.me\/en\/city-info\/turizam\/#breadcrumb\"},\"inLanguage\":\"en-US\",\"potentialAction\":[{\"@type\":\"ReadAction\",\"target\":[\"https:\/\/opstinativat.me\/en\/city-info\/turizam\/\"]}]},{\"@type\":\"BreadcrumbList\",\"@id\":\"https:\/\/opstinativat.me\/en\/city-info\/turizam\/#breadcrumb\",\"itemListElement\":[{\"@type\":\"ListItem\",\"position\":1,\"name\":\"Home\",\"item\":\"https:\/\/opstinativat.me\/en\/\"},{\"@type\":\"ListItem\",\"position\":2,\"name\":\"City info\",\"item\":\"https:\/\/opstinativat.me\/en\/city-info\/\"},{\"@type\":\"ListItem\",\"position\":3,\"name\":\"Tourism\"}]},{\"@type\":\"WebSite\",\"@id\":\"https:\/\/opstinativat.me\/#website\",\"url\":\"https:\/\/opstinativat.me\/\",\"name\":\"Municipality Tivat\",\"description\":\"Official website of Tivat Municipality\",\"inLanguage\":\"en-US\"}]}<\/script>\n<!-- \/ Yoast SEO plugin. -->","yoast_head_json":{"title":"Tourism - Municipality Tivat","robots":{"index":"index","follow":"follow","max-snippet":"max-snippet:-1","max-image-preview":"max-image-preview:large","max-video-preview":"max-video-preview:-1"},"og_locale":"en_US","og_type":"article","og_title":"Tourism - Municipality Tivat","og_description":"Turizam, kao specifi\u010dan socioekonomski fenomen, predstavlja svojevrsno pro\u017eimanje materijalnog i duhovnog, posebnu komponentu i zna\u010dajan faktor razvoja savremene civilizacije. Ovaj sociolo\u0161ki, ekonomski, politi\u010dki, kulturolo\u0161ki, ekolo\u0161ki, ali i psiholo\u0161ki fenomen \u010dini sponu izme\u0111u dr\u017eavnog, javno &#8211; dru\u0161tvenog i privatnog sektora, otklanjaju\u0107i konflikte i barijere, vo\u0111en saznanjem da je dobra i planirana saradnja preduslov razvoja turizma na [&hellip;]","og_url":"https:\/\/opstinativat.me\/en\/city-info\/turizam\/","og_site_name":"Municipality Tivat","article_modified_time":"2020-09-09T06:14:10+00:00","twitter_card":"summary_large_image","twitter_misc":{"Est. reading time":"3 minutes"},"schema":{"@context":"https:\/\/schema.org","@graph":[{"@type":"WebPage","@id":"https:\/\/opstinativat.me\/en\/city-info\/turizam\/","url":"https:\/\/opstinativat.me\/en\/city-info\/turizam\/","name":"Tourism - Municipality Tivat","isPartOf":{"@id":"https:\/\/opstinativat.me\/#website"},"datePublished":"2020-07-28T23:10:48+00:00","dateModified":"2020-09-09T06:14:10+00:00","breadcrumb":{"@id":"https:\/\/opstinativat.me\/en\/city-info\/turizam\/#breadcrumb"},"inLanguage":"en-US","potentialAction":[{"@type":"ReadAction","target":["https:\/\/opstinativat.me\/en\/city-info\/turizam\/"]}]},{"@type":"BreadcrumbList","@id":"https:\/\/opstinativat.me\/en\/city-info\/turizam\/#breadcrumb","itemListElement":[{"@type":"ListItem","position":1,"name":"Home","item":"https:\/\/opstinativat.me\/en\/"},{"@type":"ListItem","position":2,"name":"City info","item":"https:\/\/opstinativat.me\/en\/city-info\/"},{"@type":"ListItem","position":3,"name":"Tourism"}]},{"@type":"WebSite","@id":"https:\/\/opstinativat.me\/#website","url":"https:\/\/opstinativat.me\/","name":"Municipality Tivat","description":"Official website of Tivat Municipality","inLanguage":"en-US"}]}},"_links":{"self":[{"href":"https:\/\/opstinativat.me\/en\/wp-json\/wp\/v2\/pages\/29436"}],"collection":[{"href":"https:\/\/opstinativat.me\/en\/wp-json\/wp\/v2\/pages"}],"about":[{"href":"https:\/\/opstinativat.me\/en\/wp-json\/wp\/v2\/types\/page"}],"author":[{"embeddable":true,"href":"https:\/\/opstinativat.me\/en\/wp-json\/wp\/v2\/users\/1"}],"replies":[{"embeddable":true,"href":"https:\/\/opstinativat.me\/en\/wp-json\/wp\/v2\/comments?post=29436"}],"version-history":[{"count":0,"href":"https:\/\/opstinativat.me\/en\/wp-json\/wp\/v2\/pages\/29436\/revisions"}],"up":[{"embeddable":true,"href":"https:\/\/opstinativat.me\/en\/wp-json\/wp\/v2\/pages\/52"}],"wp:attachment":[{"href":"https:\/\/opstinativat.me\/en\/wp-json\/wp\/v2\/media?parent=29436"}],"wp:term":[{"taxonomy":"post_tag","embeddable":true,"href":"https:\/\/opstinativat.me\/en\/wp-json\/wp\/v2\/tags?post=29436"}],"curies":[{"name":"wp","href":"https:\/\/api.w.org\/{rel}","templated":true}]}}