



{"id":35358,"date":"2022-02-25T13:14:51","date_gmt":"2022-02-25T12:14:51","guid":{"rendered":"https:\/\/opstinativat.me\/?page_id=35358"},"modified":"2022-02-25T13:16:01","modified_gmt":"2022-02-25T12:16:01","slug":"sluzba-glavnog-administratora_slobodan-pristup-informacijama","status":"publish","type":"page","link":"https:\/\/opstinativat.me\/en\/sluzba-glavnog-administratora_slobodan-pristup-informacijama\/","title":{"rendered":"Slu\u017eba glavnog gradskog arhitekte_Slobodan pristup informacijama"},"content":{"rendered":"<p>Tra\u017eena informacija po zahtjevu \u0110urovi\u0107 Strahinje iz Tivta broj 01-037\/21-upI-13 od 16.02.2022 <a href=\"https:\/\/fra1.digitaloceanspaces.com\/opstinativat\/documents\/2022\/GLAVNI%20GRADSKI%20ARHITEKTA\/Rjesenje%20sl.pristup%20up%2013.pdf\">PDF<\/a><\/p>\n","protected":false},"excerpt":{"rendered":"<p>Tra\u017eena informacija po zahtjevu \u0110urovi\u0107 Strahinje iz Tivta broj 01-037\/21-upI-13 od 16.02.2022 PDF<\/p>\n","protected":false},"author":2,"featured_media":0,"parent":0,"menu_order":0,"comment_status":"closed","ping_status":"closed","template":"","meta":[],"tags":[],"acf":[],"yoast_head":"<!-- This site is optimized with the Yoast SEO plugin v20.11 - https:\/\/yoast.com\/wordpress\/plugins\/seo\/ -->\n<title>Slu\u017eba glavnog gradskog arhitekte_Slobodan pristup informacijama - Municipality Tivat<\/title>\n<meta name=\"robots\" content=\"index, follow, max-snippet:-1, max-image-preview:large, max-video-preview:-1\" \/>\n<meta property=\"og:locale\" content=\"en_US\" \/>\n<meta property=\"og:type\" content=\"article\" \/>\n<meta property=\"og:title\" content=\"Slu\u017eba glavnog gradskog arhitekte_Slobodan pristup informacijama - Municipality Tivat\" \/>\n<meta property=\"og:description\" content=\"Tra\u017eena informacija po zahtjevu \u0110urovi\u0107 Strahinje iz Tivta broj 01-037\/21-upI-13 od 16.02.2022 PDF\" \/>\n<meta property=\"og:url\" content=\"https:\/\/opstinativat.me\/en\/sluzba-glavnog-administratora_slobodan-pristup-informacijama\/\" \/>\n<meta property=\"og:site_name\" content=\"Municipality Tivat\" \/>\n<meta property=\"article:modified_time\" content=\"2022-02-25T12:16:01+00:00\" \/>\n<meta name=\"twitter:card\" content=\"summary_large_image\" \/>\n<meta name=\"twitter:label1\" content=\"Est. reading time\" \/>\n\t<meta name=\"twitter:data1\" content=\"1 minute\" \/>\n<script type=\"application\/ld+json\" class=\"yoast-schema-graph\">{\"@context\":\"https:\/\/schema.org\",\"@graph\":[{\"@type\":\"WebPage\",\"@id\":\"https:\/\/opstinativat.me\/en\/sluzba-glavnog-administratora_slobodan-pristup-informacijama\/\",\"url\":\"https:\/\/opstinativat.me\/en\/sluzba-glavnog-administratora_slobodan-pristup-informacijama\/\",\"name\":\"Slu\u017eba glavnog gradskog arhitekte_Slobodan pristup informacijama - Municipality Tivat\",\"isPartOf\":{\"@id\":\"https:\/\/opstinativat.me\/#website\"},\"datePublished\":\"2022-02-25T12:14:51+00:00\",\"dateModified\":\"2022-02-25T12:16:01+00:00\",\"breadcrumb\":{\"@id\":\"https:\/\/opstinativat.me\/en\/sluzba-glavnog-administratora_slobodan-pristup-informacijama\/#breadcrumb\"},\"inLanguage\":\"en-US\",\"potentialAction\":[{\"@type\":\"ReadAction\",\"target\":[\"https:\/\/opstinativat.me\/en\/sluzba-glavnog-administratora_slobodan-pristup-informacijama\/\"]}]},{\"@type\":\"BreadcrumbList\",\"@id\":\"https:\/\/opstinativat.me\/en\/sluzba-glavnog-administratora_slobodan-pristup-informacijama\/#breadcrumb\",\"itemListElement\":[{\"@type\":\"ListItem\",\"position\":1,\"name\":\"Home\",\"item\":\"https:\/\/opstinativat.me\/en\/\"},{\"@type\":\"ListItem\",\"position\":2,\"name\":\"Slu\u017eba glavnog gradskog arhitekte_Slobodan pristup informacijama\"}]},{\"@type\":\"WebSite\",\"@id\":\"https:\/\/opstinativat.me\/#website\",\"url\":\"https:\/\/opstinativat.me\/\",\"name\":\"Municipality Tivat\",\"description\":\"Official website of Tivat Municipality\",\"inLanguage\":\"en-US\"}]}<\/script>\n<!-- \/ Yoast SEO plugin. -->","yoast_head_json":{"title":"Slu\u017eba glavnog gradskog arhitekte_Slobodan pristup informacijama - Municipality Tivat","robots":{"index":"index","follow":"follow","max-snippet":"max-snippet:-1","max-image-preview":"max-image-preview:large","max-video-preview":"max-video-preview:-1"},"og_locale":"en_US","og_type":"article","og_title":"Slu\u017eba glavnog gradskog arhitekte_Slobodan pristup informacijama - Municipality Tivat","og_description":"Tra\u017eena informacija po zahtjevu \u0110urovi\u0107 Strahinje iz Tivta broj 01-037\/21-upI-13 od 16.02.2022 PDF","og_url":"https:\/\/opstinativat.me\/en\/sluzba-glavnog-administratora_slobodan-pristup-informacijama\/","og_site_name":"Municipality Tivat","article_modified_time":"2022-02-25T12:16:01+00:00","twitter_card":"summary_large_image","twitter_misc":{"Est. reading time":"1 minute"},"schema":{"@context":"https:\/\/schema.org","@graph":[{"@type":"WebPage","@id":"https:\/\/opstinativat.me\/en\/sluzba-glavnog-administratora_slobodan-pristup-informacijama\/","url":"https:\/\/opstinativat.me\/en\/sluzba-glavnog-administratora_slobodan-pristup-informacijama\/","name":"Slu\u017eba glavnog gradskog arhitekte_Slobodan pristup informacijama - Municipality Tivat","isPartOf":{"@id":"https:\/\/opstinativat.me\/#website"},"datePublished":"2022-02-25T12:14:51+00:00","dateModified":"2022-02-25T12:16:01+00:00","breadcrumb":{"@id":"https:\/\/opstinativat.me\/en\/sluzba-glavnog-administratora_slobodan-pristup-informacijama\/#breadcrumb"},"inLanguage":"en-US","potentialAction":[{"@type":"ReadAction","target":["https:\/\/opstinativat.me\/en\/sluzba-glavnog-administratora_slobodan-pristup-informacijama\/"]}]},{"@type":"BreadcrumbList","@id":"https:\/\/opstinativat.me\/en\/sluzba-glavnog-administratora_slobodan-pristup-informacijama\/#breadcrumb","itemListElement":[{"@type":"ListItem","position":1,"name":"Home","item":"https:\/\/opstinativat.me\/en\/"},{"@type":"ListItem","position":2,"name":"Slu\u017eba glavnog gradskog arhitekte_Slobodan pristup informacijama"}]},{"@type":"WebSite","@id":"https:\/\/opstinativat.me\/#website","url":"https:\/\/opstinativat.me\/","name":"Municipality Tivat","description":"Official website of Tivat Municipality","inLanguage":"en-US"}]}},"_links":{"self":[{"href":"https:\/\/opstinativat.me\/en\/wp-json\/wp\/v2\/pages\/35358"}],"collection":[{"href":"https:\/\/opstinativat.me\/en\/wp-json\/wp\/v2\/pages"}],"about":[{"href":"https:\/\/opstinativat.me\/en\/wp-json\/wp\/v2\/types\/page"}],"author":[{"embeddable":true,"href":"https:\/\/opstinativat.me\/en\/wp-json\/wp\/v2\/users\/2"}],"replies":[{"embeddable":true,"href":"https:\/\/opstinativat.me\/en\/wp-json\/wp\/v2\/comments?post=35358"}],"version-history":[{"count":3,"href":"https:\/\/opstinativat.me\/en\/wp-json\/wp\/v2\/pages\/35358\/revisions"}],"predecessor-version":[{"id":35361,"href":"https:\/\/opstinativat.me\/en\/wp-json\/wp\/v2\/pages\/35358\/revisions\/35361"}],"wp:attachment":[{"href":"https:\/\/opstinativat.me\/en\/wp-json\/wp\/v2\/media?parent=35358"}],"wp:term":[{"taxonomy":"post_tag","embeddable":true,"href":"https:\/\/opstinativat.me\/en\/wp-json\/wp\/v2\/tags?post=35358"}],"curies":[{"name":"wp","href":"https:\/\/api.w.org\/{rel}","templated":true}]}}