



{"id":48858,"date":"2026-03-25T13:20:36","date_gmt":"2026-03-25T12:20:36","guid":{"rendered":"https:\/\/opstinativat.me\/?page_id=48858"},"modified":"2026-03-25T13:23:31","modified_gmt":"2026-03-25T12:23:31","slug":"prijem-za-zlatnu-kik-bokserku-milu-jovic","status":"publish","type":"page","link":"https:\/\/opstinativat.me\/en\/prijem-za-zlatnu-kik-bokserku-milu-jovic\/","title":{"rendered":"Prijem za zlatnu kik bokserku Milu Jovi\u0107"},"content":{"rendered":"<p>Predsjednik op\u0161tine Tivat \u017deljko Komnenovi\u0107 uprili\u010dio je prijem za \u010dlanicu Kik boks kluba \u201eRebel\u201c, Milu Jovi\u0107, njenog trenera Bo\u0161ka Pavi\u0107evi\u0107a i predsjednika kluba Nikolu \u010cepi\u0107a, povodom izuzetnog uspjeha ostvarenog na Svjetskom kupu u Italiji.<\/p>\n<p>Mlada Tiv\u0107anka Mila Jovi\u0107 osvojila je zlatnu medalju na svom debitantskom nastupu, u konkurenciji od preko 4.000 takmi\u010dara, \u010dime je ostvarila veliki uspjeh kako za klub, tako i za Tivat i crnogorski sport. Na istom takmi\u010denju, bronzane medalje (dvije seniorske i jedna juniorska) pripale su \u010dlanovima \u201eRebela\u201c Beki Cenaju, Savi Popovi\u0107u i Nikoli Marinkovi\u0107u.<\/p>\n<p>Predsjednik op\u0161tine \u010destitao je Mili i KBK \u201cRebel\u201d na postignutom rezultatu, isti\u010du\u0107i da ovakvi uspjesi predstavljaju ponos grada i sna\u017ean podsticaj za dalji razvoj sporta me\u0111u mladima.<\/p>\n<p>U narednom periodu pred \u201cRebelom\u201d od zna\u010dajnijih turnira su dr\u017eavno prvenstvo, Evropski kup u Hrvatskoj, potom svjetski kupovi u Turskoj i Ma\u0111arskoj.<\/p>\n","protected":false},"excerpt":{"rendered":"<p>Predsjednik op\u0161tine Tivat \u017deljko Komnenovi\u0107 uprili\u010dio je prijem za \u010dlanicu Kik boks kluba \u201eRebel\u201c, Milu Jovi\u0107, njenog trenera Bo\u0161ka Pavi\u0107evi\u0107a i predsjednika kluba Nikolu \u010cepi\u0107a, povodom izuzetnog uspjeha ostvarenog na Svjetskom kupu u Italiji. Mlada Tiv\u0107anka Mila Jovi\u0107 osvojila je zlatnu medalju na svom debitantskom nastupu, u konkurenciji od preko 4.000 takmi\u010dara, \u010dime je ostvarila [&hellip;]<\/p>\n","protected":false},"author":9,"featured_media":48859,"parent":0,"menu_order":0,"comment_status":"closed","ping_status":"closed","template":"","meta":[],"tags":[179],"acf":[],"yoast_head":"<!-- This site is optimized with the Yoast SEO plugin v20.11 - https:\/\/yoast.com\/wordpress\/plugins\/seo\/ -->\n<title>Prijem za zlatnu kik bokserku Milu Jovi\u0107 - Municipality Tivat<\/title>\n<meta name=\"robots\" content=\"index, follow, max-snippet:-1, max-image-preview:large, max-video-preview:-1\" \/>\n<meta property=\"og:locale\" content=\"en_US\" \/>\n<meta property=\"og:type\" content=\"article\" \/>\n<meta property=\"og:title\" content=\"Prijem za zlatnu kik bokserku Milu Jovi\u0107 - Municipality Tivat\" \/>\n<meta property=\"og:description\" content=\"Predsjednik op\u0161tine Tivat \u017deljko Komnenovi\u0107 uprili\u010dio je prijem za \u010dlanicu Kik boks kluba \u201eRebel\u201c, Milu Jovi\u0107, njenog trenera Bo\u0161ka Pavi\u0107evi\u0107a i predsjednika kluba Nikolu \u010cepi\u0107a, povodom izuzetnog uspjeha ostvarenog na Svjetskom kupu u Italiji. Mlada Tiv\u0107anka Mila Jovi\u0107 osvojila je zlatnu medalju na svom debitantskom nastupu, u konkurenciji od preko 4.000 takmi\u010dara, \u010dime je ostvarila [&hellip;]\" \/>\n<meta property=\"og:url\" content=\"https:\/\/opstinativat.me\/en\/prijem-za-zlatnu-kik-bokserku-milu-jovic\/\" \/>\n<meta property=\"og:site_name\" content=\"Municipality Tivat\" \/>\n<meta property=\"article:modified_time\" content=\"2026-03-25T12:23:31+00:00\" \/>\n<meta property=\"og:image\" content=\"https:\/\/opstinativat.me\/wp-content\/uploads\/2026\/03\/Sa-prijema-KK-Rebel.jpg\" \/>\n\t<meta property=\"og:image:width\" content=\"1600\" \/>\n\t<meta property=\"og:image:height\" content=\"1200\" \/>\n\t<meta property=\"og:image:type\" content=\"image\/jpeg\" \/>\n<meta name=\"twitter:card\" content=\"summary_large_image\" \/>\n<meta name=\"twitter:label1\" content=\"Est. reading time\" \/>\n\t<meta name=\"twitter:data1\" content=\"1 minute\" \/>\n<script type=\"application\/ld+json\" class=\"yoast-schema-graph\">{\"@context\":\"https:\/\/schema.org\",\"@graph\":[{\"@type\":\"WebPage\",\"@id\":\"https:\/\/opstinativat.me\/en\/prijem-za-zlatnu-kik-bokserku-milu-jovic\/\",\"url\":\"https:\/\/opstinativat.me\/en\/prijem-za-zlatnu-kik-bokserku-milu-jovic\/\",\"name\":\"Prijem za zlatnu kik bokserku Milu Jovi\u0107 - Municipality Tivat\",\"isPartOf\":{\"@id\":\"https:\/\/opstinativat.me\/#website\"},\"datePublished\":\"2026-03-25T12:20:36+00:00\",\"dateModified\":\"2026-03-25T12:23:31+00:00\",\"breadcrumb\":{\"@id\":\"https:\/\/opstinativat.me\/en\/prijem-za-zlatnu-kik-bokserku-milu-jovic\/#breadcrumb\"},\"inLanguage\":\"en-US\",\"potentialAction\":[{\"@type\":\"ReadAction\",\"target\":[\"https:\/\/opstinativat.me\/en\/prijem-za-zlatnu-kik-bokserku-milu-jovic\/\"]}]},{\"@type\":\"BreadcrumbList\",\"@id\":\"https:\/\/opstinativat.me\/en\/prijem-za-zlatnu-kik-bokserku-milu-jovic\/#breadcrumb\",\"itemListElement\":[{\"@type\":\"ListItem\",\"position\":1,\"name\":\"Home\",\"item\":\"https:\/\/opstinativat.me\/en\/\"},{\"@type\":\"ListItem\",\"position\":2,\"name\":\"Prijem za zlatnu kik bokserku Milu Jovi\u0107\"}]},{\"@type\":\"WebSite\",\"@id\":\"https:\/\/opstinativat.me\/#website\",\"url\":\"https:\/\/opstinativat.me\/\",\"name\":\"Municipality Tivat\",\"description\":\"Official website of Tivat Municipality\",\"inLanguage\":\"en-US\"}]}<\/script>\n<!-- \/ Yoast SEO plugin. -->","yoast_head_json":{"title":"Prijem za zlatnu kik bokserku Milu Jovi\u0107 - Municipality Tivat","robots":{"index":"index","follow":"follow","max-snippet":"max-snippet:-1","max-image-preview":"max-image-preview:large","max-video-preview":"max-video-preview:-1"},"og_locale":"en_US","og_type":"article","og_title":"Prijem za zlatnu kik bokserku Milu Jovi\u0107 - Municipality Tivat","og_description":"Predsjednik op\u0161tine Tivat \u017deljko Komnenovi\u0107 uprili\u010dio je prijem za \u010dlanicu Kik boks kluba \u201eRebel\u201c, Milu Jovi\u0107, njenog trenera Bo\u0161ka Pavi\u0107evi\u0107a i predsjednika kluba Nikolu \u010cepi\u0107a, povodom izuzetnog uspjeha ostvarenog na Svjetskom kupu u Italiji. Mlada Tiv\u0107anka Mila Jovi\u0107 osvojila je zlatnu medalju na svom debitantskom nastupu, u konkurenciji od preko 4.000 takmi\u010dara, \u010dime je ostvarila [&hellip;]","og_url":"https:\/\/opstinativat.me\/en\/prijem-za-zlatnu-kik-bokserku-milu-jovic\/","og_site_name":"Municipality Tivat","article_modified_time":"2026-03-25T12:23:31+00:00","og_image":[{"width":1600,"height":1200,"url":"https:\/\/opstinativat.me\/wp-content\/uploads\/2026\/03\/Sa-prijema-KK-Rebel.jpg","type":"image\/jpeg"}],"twitter_card":"summary_large_image","twitter_misc":{"Est. reading time":"1 minute"},"schema":{"@context":"https:\/\/schema.org","@graph":[{"@type":"WebPage","@id":"https:\/\/opstinativat.me\/en\/prijem-za-zlatnu-kik-bokserku-milu-jovic\/","url":"https:\/\/opstinativat.me\/en\/prijem-za-zlatnu-kik-bokserku-milu-jovic\/","name":"Prijem za zlatnu kik bokserku Milu Jovi\u0107 - Municipality Tivat","isPartOf":{"@id":"https:\/\/opstinativat.me\/#website"},"datePublished":"2026-03-25T12:20:36+00:00","dateModified":"2026-03-25T12:23:31+00:00","breadcrumb":{"@id":"https:\/\/opstinativat.me\/en\/prijem-za-zlatnu-kik-bokserku-milu-jovic\/#breadcrumb"},"inLanguage":"en-US","potentialAction":[{"@type":"ReadAction","target":["https:\/\/opstinativat.me\/en\/prijem-za-zlatnu-kik-bokserku-milu-jovic\/"]}]},{"@type":"BreadcrumbList","@id":"https:\/\/opstinativat.me\/en\/prijem-za-zlatnu-kik-bokserku-milu-jovic\/#breadcrumb","itemListElement":[{"@type":"ListItem","position":1,"name":"Home","item":"https:\/\/opstinativat.me\/en\/"},{"@type":"ListItem","position":2,"name":"Prijem za zlatnu kik bokserku Milu Jovi\u0107"}]},{"@type":"WebSite","@id":"https:\/\/opstinativat.me\/#website","url":"https:\/\/opstinativat.me\/","name":"Municipality Tivat","description":"Official website of Tivat Municipality","inLanguage":"en-US"}]}},"_links":{"self":[{"href":"https:\/\/opstinativat.me\/en\/wp-json\/wp\/v2\/pages\/48858"}],"collection":[{"href":"https:\/\/opstinativat.me\/en\/wp-json\/wp\/v2\/pages"}],"about":[{"href":"https:\/\/opstinativat.me\/en\/wp-json\/wp\/v2\/types\/page"}],"author":[{"embeddable":true,"href":"https:\/\/opstinativat.me\/en\/wp-json\/wp\/v2\/users\/9"}],"replies":[{"embeddable":true,"href":"https:\/\/opstinativat.me\/en\/wp-json\/wp\/v2\/comments?post=48858"}],"version-history":[{"count":1,"href":"https:\/\/opstinativat.me\/en\/wp-json\/wp\/v2\/pages\/48858\/revisions"}],"predecessor-version":[{"id":48861,"href":"https:\/\/opstinativat.me\/en\/wp-json\/wp\/v2\/pages\/48858\/revisions\/48861"}],"wp:featuredmedia":[{"embeddable":true,"href":"https:\/\/opstinativat.me\/en\/wp-json\/wp\/v2\/media\/48859"}],"wp:attachment":[{"href":"https:\/\/opstinativat.me\/en\/wp-json\/wp\/v2\/media?parent=48858"}],"wp:term":[{"taxonomy":"post_tag","embeddable":true,"href":"https:\/\/opstinativat.me\/en\/wp-json\/wp\/v2\/tags?post=48858"}],"curies":[{"name":"wp","href":"https:\/\/api.w.org\/{rel}","templated":true}]}}